{"id":58,"date":"2025-06-30T21:50:55","date_gmt":"2025-06-30T21:50:55","guid":{"rendered":"http:\/\/piesnacki.pl\/?page_id=58"},"modified":"2025-12-14T16:52:14","modified_gmt":"2025-12-14T16:52:14","slug":"kontakt","status":"publish","type":"page","link":"http:\/\/piesnacki.pl\/?page_id=58","title":{"rendered":"Kontakt"},"content":{"rendered":"\n<aside class=\"wp-block-group alignfull is-style-section-3 has-global-padding is-layout-constrained wp-container-core-group-is-layout-f0f2a97b wp-block-group-is-layout-constrained is-style-section-3--1\" style=\"margin-top:0;margin-bottom:0;padding-top:var(--wp--preset--spacing--50);padding-right:var(--wp--preset--spacing--50);padding-bottom:var(--wp--preset--spacing--50);padding-left:var(--wp--preset--spacing--50)\">\n<div class=\"wp-block-group is-vertical is-content-justification-center is-layout-flex wp-container-core-group-is-layout-8778ca4a wp-block-group-is-layout-flex\" style=\"min-height:360px;margin-top:0;margin-bottom:0\">\n<h2 class=\"wp-block-heading has-text-align-center has-xx-large-font-size\">Kontakt<\/h2>\n\n\n\n<p class=\"has-text-align-center is-style-text-subtitle is-style-text-subtitle--2\">Coral-Bio Jacek Koralewski <\/p>\n\n\n\n<p class=\"has-text-align-center\">al. J. Pi\u0142sudskiego 34<br>41-303 D\u0105browa G\u00f3rnicza<\/p>\n\n\n\n<p>Tel.: 501 465 018<\/p>\n\n\n\n<p>E-mail: biuro@coralbio.pl<\/p>\n\n\n\n<div class=\"wp-block-buttons is-content-justification-center is-layout-flex wp-container-core-buttons-is-layout-a89b3969 wp-block-buttons-is-layout-flex\">\n<div class=\"wp-block-button\"><a class=\"wp-block-button__link has-text-align-center wp-element-button\">Odwied\u017a nas na Allegro<\/a><\/div>\n<\/div>\n\n\n\n<p><\/p>\n<\/div>\n<\/aside>\n","protected":false},"excerpt":{"rendered":"<p>Kontakt Coral-Bio Jacek Koralewski al. J. Pi\u0142sudskiego 3441-303 D\u0105browa G\u00f3rnicza Tel.: 501 465 018 E-mail: biuro@coralbio.pl<\/p>\n","protected":false},"author":2,"featured_media":0,"parent":0,"menu_order":0,"comment_status":"closed","ping_status":"closed","template":"page-no-title","meta":{"footnotes":""},"class_list":["post-58","page","type-page","status-publish","hentry"],"_links":{"self":[{"href":"http:\/\/piesnacki.pl\/index.php?rest_route=\/wp\/v2\/pages\/58","targetHints":{"allow":["GET"]}}],"collection":[{"href":"http:\/\/piesnacki.pl\/index.php?rest_route=\/wp\/v2\/pages"}],"about":[{"href":"http:\/\/piesnacki.pl\/index.php?rest_route=\/wp\/v2\/types\/page"}],"author":[{"embeddable":true,"href":"http:\/\/piesnacki.pl\/index.php?rest_route=\/wp\/v2\/users\/2"}],"replies":[{"embeddable":true,"href":"http:\/\/piesnacki.pl\/index.php?rest_route=%2Fwp%2Fv2%2Fcomments&post=58"}],"version-history":[{"count":3,"href":"http:\/\/piesnacki.pl\/index.php?rest_route=\/wp\/v2\/pages\/58\/revisions"}],"predecessor-version":[{"id":154,"href":"http:\/\/piesnacki.pl\/index.php?rest_route=\/wp\/v2\/pages\/58\/revisions\/154"}],"wp:attachment":[{"href":"http:\/\/piesnacki.pl\/index.php?rest_route=%2Fwp%2Fv2%2Fmedia&parent=58"}],"curies":[{"name":"wp","href":"https:\/\/api.w.org\/{rel}","templated":true}]}}