{"id":108,"date":"2025-12-11T14:51:06","date_gmt":"2025-12-11T14:51:06","guid":{"rendered":"https:\/\/piesnacki.pl\/?page_id=108"},"modified":"2026-02-26T11:53:22","modified_gmt":"2026-02-26T11:53:22","slug":"miekkie-paski-z-kurczaka-piesnacki-cb102","status":"publish","type":"page","link":"https:\/\/piesnacki.pl\/?page_id=108","title":{"rendered":"Mi\u0119kkie paski z kurczaka PieSnacki CB102"},"content":{"rendered":"\n<figure class=\"wp-block-image size-large\"><img loading=\"lazy\" decoding=\"async\" width=\"1024\" height=\"1024\" src=\"http:\/\/piesnacki.pl\/wp-content\/uploads\/2025\/12\/1-4-1024x1024.png\" alt=\"\" class=\"wp-image-119\" srcset=\"https:\/\/piesnacki.pl\/wp-content\/uploads\/2025\/12\/1-4-1024x1024.png 1024w, https:\/\/piesnacki.pl\/wp-content\/uploads\/2025\/12\/1-4-300x300.png 300w, https:\/\/piesnacki.pl\/wp-content\/uploads\/2025\/12\/1-4-150x150.png 150w, https:\/\/piesnacki.pl\/wp-content\/uploads\/2025\/12\/1-4-768x768.png 768w, https:\/\/piesnacki.pl\/wp-content\/uploads\/2025\/12\/1-4-1536x1536.png 1536w, https:\/\/piesnacki.pl\/wp-content\/uploads\/2025\/12\/1-4-2048x2048.png 2048w\" sizes=\"auto, (max-width: 1024px) 100vw, 1024px\" \/><\/figure>\n\n\n\n<h2 class=\"wp-block-heading\">Mi\u0119kkie paski z kurczaka 500 g<\/h2>\n\n\n\n<p><strong>KOD:<\/strong>&nbsp;PieSnacki CB102<\/p>\n\n\n\n<p><strong>EAN:<\/strong>&nbsp;5904873720193<\/p>\n\n\n\n<p><strong>Sk\u0142ad:<\/strong><\/p>\n\n\n\n<ul class=\"wp-block-list\">\n<li>kurczak 92,2%<\/li>\n\n\n\n<li>skrobia kukurydziana 3,2%<\/li>\n\n\n\n<li>bia\u0142ko ro\u015blinne 2,5%<\/li>\n\n\n\n<li>gliceryna 2%<\/li>\n\n\n\n<li>s\u00f3l 0,1%<\/li>\n<\/ul>\n\n\n\n<p><strong>Analiza:<\/strong><\/p>\n\n\n\n<ul class=\"wp-block-list\">\n<li>bia\u0142ko surowe 45%<\/li>\n\n\n\n<li>w\u0142\u00f3kno surowe 2%<\/li>\n\n\n\n<li>t\u0142uszcz surowy 5%<\/li>\n\n\n\n<li>popi\u00f3\u0142 surowy 3%<\/li>\n\n\n\n<li>wilgotno\u015b\u0107 22%<\/li>\n<\/ul>\n\n\n\n<p class=\"has-small-font-size\">Produkt przeznaczony wy\u0142\u0105cznie dla zwierz\u0105t domowych. Nie do spo\u017cycia przez ludzi.<br>Pokarm uzupe\u0142niaj\u0105cy nie zast\u0119puje codziennego po\u017cywienia.<br>Przysmaki nie powinny przekracza\u0107 10%-15% dziennej dawki pokarmowej zwierz\u0119cia.<br>Nale\u017cy zapewni\u0107 psu sta\u0142y dost\u0119p do \u015bwie\u017cej wody.<\/p>\n","protected":false},"excerpt":{"rendered":"<p>Mi\u0119kkie paski z kurczaka 500 g KOD:&nbsp;PieSnacki CB102 EAN:&nbsp;5904873720193 Sk\u0142ad: Analiza: Produkt przeznaczony wy\u0142\u0105cznie dla zwierz\u0105t domowych. Nie do spo\u017cycia przez ludzi.Pokarm uzupe\u0142niaj\u0105cy nie zast\u0119puje codziennego po\u017cywienia.Przysmaki nie powinny przekracza\u0107 10%-15% dziennej dawki pokarmowej zwierz\u0119cia.Nale\u017cy zapewni\u0107 psu sta\u0142y dost\u0119p do \u015bwie\u017cej wody.<\/p>\n","protected":false},"author":1,"featured_media":0,"parent":0,"menu_order":0,"comment_status":"closed","ping_status":"closed","template":"page-no-title","meta":{"footnotes":""},"class_list":["post-108","page","type-page","status-publish","hentry"],"_links":{"self":[{"href":"https:\/\/piesnacki.pl\/index.php?rest_route=\/wp\/v2\/pages\/108","targetHints":{"allow":["GET"]}}],"collection":[{"href":"https:\/\/piesnacki.pl\/index.php?rest_route=\/wp\/v2\/pages"}],"about":[{"href":"https:\/\/piesnacki.pl\/index.php?rest_route=\/wp\/v2\/types\/page"}],"author":[{"embeddable":true,"href":"https:\/\/piesnacki.pl\/index.php?rest_route=\/wp\/v2\/users\/1"}],"replies":[{"embeddable":true,"href":"https:\/\/piesnacki.pl\/index.php?rest_route=%2Fwp%2Fv2%2Fcomments&post=108"}],"version-history":[{"count":8,"href":"https:\/\/piesnacki.pl\/index.php?rest_route=\/wp\/v2\/pages\/108\/revisions"}],"predecessor-version":[{"id":303,"href":"https:\/\/piesnacki.pl\/index.php?rest_route=\/wp\/v2\/pages\/108\/revisions\/303"}],"wp:attachment":[{"href":"https:\/\/piesnacki.pl\/index.php?rest_route=%2Fwp%2Fv2%2Fmedia&parent=108"}],"curies":[{"name":"wp","href":"https:\/\/api.w.org\/{rel}","templated":true}]}}