{"id":222,"date":"2025-12-18T13:13:12","date_gmt":"2025-12-18T13:13:12","guid":{"rendered":"https:\/\/piesnacki.pl\/?page_id=222"},"modified":"2026-02-26T12:15:40","modified_gmt":"2026-02-26T12:15:40","slug":"kostka-wapienna-z-kaczka-piesnacki-cb109","status":"publish","type":"page","link":"https:\/\/piesnacki.pl\/?page_id=222","title":{"rendered":"Kostka wapienna z kaczk\u0105 PieSnacki CB109"},"content":{"rendered":"\n<figure class=\"wp-block-image size-large\"><img loading=\"lazy\" decoding=\"async\" width=\"1024\" height=\"1024\" src=\"http:\/\/piesnacki.pl\/wp-content\/uploads\/2026\/02\/PieSnacki-kostka-wapienna-kaczka-1024x1024.jpg\" alt=\"\" class=\"wp-image-287\" srcset=\"https:\/\/piesnacki.pl\/wp-content\/uploads\/2026\/02\/PieSnacki-kostka-wapienna-kaczka-1024x1024.jpg 1024w, https:\/\/piesnacki.pl\/wp-content\/uploads\/2026\/02\/PieSnacki-kostka-wapienna-kaczka-300x300.jpg 300w, https:\/\/piesnacki.pl\/wp-content\/uploads\/2026\/02\/PieSnacki-kostka-wapienna-kaczka-150x150.jpg 150w, https:\/\/piesnacki.pl\/wp-content\/uploads\/2026\/02\/PieSnacki-kostka-wapienna-kaczka-768x768.jpg 768w, https:\/\/piesnacki.pl\/wp-content\/uploads\/2026\/02\/PieSnacki-kostka-wapienna-kaczka.jpg 1535w\" sizes=\"auto, (max-width: 1024px) 100vw, 1024px\" \/><\/figure>\n\n\n\n<h2 class=\"wp-block-heading\">Kostka wapienna z kaczk\u0105 500 g<\/h2>\n\n\n\n<p><strong>KOD:<\/strong>&nbsp;PieSnacki CB109<\/p>\n\n\n\n<p><strong>EAN:<\/strong>&nbsp;5904873720155<\/p>\n\n\n\n<p><strong>Sk\u0142ad:<\/strong><\/p>\n\n\n\n<ul class=\"wp-block-list\">\n<li>kaczka 55,5%<\/li>\n\n\n\n<li>skrobia kukurydziana 35%<\/li>\n\n\n\n<li>mleczan wapnia 5%<\/li>\n\n\n\n<li>bia\u0142ko ro\u015blinne 2,5%<\/li>\n\n\n\n<li>gliceryna 2%<\/li>\n<\/ul>\n\n\n\n<p><strong>Analiza:<\/strong><\/p>\n\n\n\n<ul class=\"wp-block-list\">\n<li>bia\u0142ko surowe 38%<\/li>\n\n\n\n<li>w\u0142\u00f3kno surowe 2,5%<\/li>\n\n\n\n<li>t\u0142uszcz surowy 3,5%<\/li>\n\n\n\n<li>popi\u00f3\u0142 surowy 2,5%<\/li>\n\n\n\n<li>wilgotno\u015b\u0107 18%<\/li>\n<\/ul>\n\n\n\n<p class=\"has-small-font-size\">Produkt przeznaczony wy\u0142\u0105cznie dla zwierz\u0105t domowych. Nie do spo\u017cycia przez ludzi.<br>Pokarm uzupe\u0142niaj\u0105cy nie zast\u0119puje codziennego po\u017cywienia.<br>Przysmaki nie powinny przekracza\u0107 10%-15% dziennej dawki pokarmowej zwierz\u0119cia.<br>Nale\u017cy zapewni\u0107 psu sta\u0142y dost\u0119p do \u015bwie\u017cej wody.<\/p>\n","protected":false},"excerpt":{"rendered":"<p>Kostka wapienna z kaczk\u0105 500 g KOD:&nbsp;PieSnacki CB109 EAN:&nbsp;5904873720155 Sk\u0142ad: Analiza: Produkt przeznaczony wy\u0142\u0105cznie dla zwierz\u0105t domowych. Nie do spo\u017cycia przez ludzi.Pokarm uzupe\u0142niaj\u0105cy nie zast\u0119puje codziennego po\u017cywienia.Przysmaki nie powinny przekracza\u0107 10%-15% dziennej dawki pokarmowej zwierz\u0119cia.Nale\u017cy zapewni\u0107 psu sta\u0142y dost\u0119p do \u015bwie\u017cej wody.<\/p>\n","protected":false},"author":2,"featured_media":0,"parent":0,"menu_order":0,"comment_status":"closed","ping_status":"closed","template":"page-no-title","meta":{"footnotes":""},"class_list":["post-222","page","type-page","status-publish","hentry"],"_links":{"self":[{"href":"https:\/\/piesnacki.pl\/index.php?rest_route=\/wp\/v2\/pages\/222","targetHints":{"allow":["GET"]}}],"collection":[{"href":"https:\/\/piesnacki.pl\/index.php?rest_route=\/wp\/v2\/pages"}],"about":[{"href":"https:\/\/piesnacki.pl\/index.php?rest_route=\/wp\/v2\/types\/page"}],"author":[{"embeddable":true,"href":"https:\/\/piesnacki.pl\/index.php?rest_route=\/wp\/v2\/users\/2"}],"replies":[{"embeddable":true,"href":"https:\/\/piesnacki.pl\/index.php?rest_route=%2Fwp%2Fv2%2Fcomments&post=222"}],"version-history":[{"count":4,"href":"https:\/\/piesnacki.pl\/index.php?rest_route=\/wp\/v2\/pages\/222\/revisions"}],"predecessor-version":[{"id":326,"href":"https:\/\/piesnacki.pl\/index.php?rest_route=\/wp\/v2\/pages\/222\/revisions\/326"}],"wp:attachment":[{"href":"https:\/\/piesnacki.pl\/index.php?rest_route=%2Fwp%2Fv2%2Fmedia&parent=222"}],"curies":[{"name":"wp","href":"https:\/\/api.w.org\/{rel}","templated":true}]}}