{"id":29,"date":"2025-06-30T21:28:44","date_gmt":"2025-06-30T21:28:44","guid":{"rendered":"http:\/\/piesnacki.pl\/?page_id=29"},"modified":"2026-02-26T21:48:45","modified_gmt":"2026-02-26T21:48:45","slug":"home","status":"publish","type":"page","link":"https:\/\/piesnacki.pl\/","title":{"rendered":"Home"},"content":{"rendered":"\n<div class=\"wp-block-group alignfull has-global-padding is-layout-constrained wp-container-core-group-is-layout-0c9c989a wp-block-group-is-layout-constrained\" style=\"min-height:0vh;margin-top:0;margin-bottom:0;padding-top:var(--wp--preset--spacing--70);padding-right:var(--wp--preset--spacing--40);padding-bottom:var(--wp--preset--spacing--70);padding-left:var(--wp--preset--spacing--40)\">\n<div class=\"wp-block-group has-global-padding is-layout-constrained wp-container-core-group-is-layout-346627ba wp-block-group-is-layout-constrained\">\n<h2 class=\"wp-block-heading has-text-align-center has-xx-large-font-size\" style=\"margin-right:0;margin-left:0;padding-right:0;padding-left:0\">Mi\u0119sne smaczki dla psiak\u00f3w<\/h2>\n\n\n\n<p class=\"has-text-align-center\">PieSnacki to nie tylko smaczki \u2013 to pe\u0142nomi\u0119sne psie przyjemno\u015bci, kt\u00f3re zmieniaj\u0105 codzienne momenty w psiepi\u0119kne chwile!<\/p>\n\n\n\n<div class=\"wp-block-buttons is-content-justification-center is-layout-flex wp-container-core-buttons-is-layout-a89b3969 wp-block-buttons-is-layout-flex\">\n<div class=\"wp-block-button\"><a class=\"wp-block-button__link wp-element-button\" href=\"https:\/\/piesnacki.pl\/?page_id=114\">Odkryj krain\u0119 psiek\u0105sek \/ psismaczk\u00f3w<\/a><\/div>\n<\/div>\n<\/div>\n<\/div>\n\n\n\n<div class=\"wp-block-group alignfull is-style-section-1 has-global-padding is-layout-constrained wp-block-group-is-layout-constrained is-style-section-1--1\" style=\"margin-top:0;margin-bottom:0;padding-top:var(--wp--preset--spacing--80);padding-bottom:var(--wp--preset--spacing--80)\">\n<div class=\"wp-block-columns alignwide is-layout-flex wp-container-core-columns-is-layout-66fad18a wp-block-columns-is-layout-flex\">\n<div class=\"wp-block-column is-layout-flow wp-block-column-is-layout-flow\" style=\"padding-right:var(--wp--preset--spacing--50);flex-basis:45%\">\n<figure class=\"wp-block-image size-full\"><img loading=\"lazy\" decoding=\"async\" width=\"1536\" height=\"1024\" src=\"https:\/\/piesnacki.pl\/wp-content\/uploads\/2025\/12\/PieSnacki-przysmaki-dla-wszystkich-psow.png\" alt=\"\" class=\"wp-image-161\" srcset=\"https:\/\/piesnacki.pl\/wp-content\/uploads\/2025\/12\/PieSnacki-przysmaki-dla-wszystkich-psow.png 1536w, https:\/\/piesnacki.pl\/wp-content\/uploads\/2025\/12\/PieSnacki-przysmaki-dla-wszystkich-psow-300x200.png 300w, https:\/\/piesnacki.pl\/wp-content\/uploads\/2025\/12\/PieSnacki-przysmaki-dla-wszystkich-psow-1024x683.png 1024w, https:\/\/piesnacki.pl\/wp-content\/uploads\/2025\/12\/PieSnacki-przysmaki-dla-wszystkich-psow-768x512.png 768w\" sizes=\"auto, (max-width: 1536px) 100vw, 1536px\" \/><\/figure>\n\n\n\n<div class=\"wp-block-group has-global-padding is-layout-constrained wp-block-group-is-layout-constrained\" style=\"margin-top:-12vw\"><\/div>\n<\/div>\n\n\n\n<div class=\"wp-block-column is-vertically-aligned-center is-layout-flow wp-block-column-is-layout-flow\" style=\"padding-right:0;padding-left:0;flex-basis:50%\">\n<div class=\"wp-block-group is-vertical is-layout-flex wp-container-core-group-is-layout-fe9cc265 wp-block-group-is-layout-flex\">\n<h2 class=\"wp-block-heading is-style-text-annotation is-style-text-annotation--2\">Opowie\u015b\u0107 o pierwszym smaczku<\/h2>\n<\/div>\n\n\n\n<p class=\"is-style-text-subtitle is-style-text-subtitle--3\">Legenda g\u0142osi, \u017ce psy d\u0142ugo czeka\u0142y na smako\u0142yki spe\u0142niaj\u0105ce wszystkie ich marzenia. Przysmak, kt\u00f3ry by\u0142by naprawd\u0119 mi\u0119sny, naturalny i stworzony z trosk\u0105. Tak powsta\u0142y pierwsze PieSnacki.<\/p>\n\n\n\n<div class=\"wp-block-buttons is-layout-flex wp-block-buttons-is-layout-flex\">\n<div class=\"wp-block-button\"><a class=\"wp-block-button__link wp-element-button\" href=\"https:\/\/piesnacki.pl\/?page_id=37\">Poznaj histori\u0119<\/a><\/div>\n<\/div>\n<\/div>\n<\/div>\n<\/div>\n\n\n\n<div class=\"wp-block-group alignfull has-global-padding is-layout-constrained wp-block-group-is-layout-constrained\" style=\"margin-top:0;margin-bottom:0;padding-top:var(--wp--preset--spacing--60);padding-bottom:var(--wp--preset--spacing--60)\">\n<h2 class=\"wp-block-heading alignwide has-text-align-center\">Dlaczego PieSnacki? <\/h2>\n\n\n\n<p class=\"has-text-align-center\">Wszystko co najlepsze dla Twojego Psijaciela<\/p>\n\n\n\n<div style=\"height:var(--wp--preset--spacing--40)\" aria-hidden=\"true\" class=\"wp-block-spacer\"><\/div>\n\n\n\n<div class=\"wp-block-columns alignwide is-layout-flex wp-container-core-columns-is-layout-1d9f35bd wp-block-columns-is-layout-flex\">\n<div class=\"wp-block-column has-border-color is-layout-flow wp-block-column-is-layout-flow\" style=\"border-color:var(--wp--preset--color--accent-6);border-width:1px;border-radius:10px;padding-top:var(--wp--preset--spacing--50);padding-right:var(--wp--preset--spacing--50);padding-bottom:var(--wp--preset--spacing--50);padding-left:var(--wp--preset--spacing--50)\">\n<h3 class=\"wp-block-heading\" id=\"free\">Smakowite k\u0105ski<\/h3>\n\n\n\n<p class=\"has-large-font-size\">Sze\u015b\u0107 Psioru\u0144sko Dobrych Powod\u00f3w<\/p>\n\n\n\n<ul style=\"padding-bottom:var(--wp--preset--spacing--20);padding-left:var(--wp--preset--spacing--20)\" class=\"wp-block-list is-style-checkmark-list has-small-font-size\">\n<li>\u015awie\u017ce i wysokiej jako\u015bci mi\u0119so<\/li>\n\n\n\n<li>Delikatna konsystencja: \u0142atwe do gryzienia, zaspokajaj\u0105 potrzeb\u0119 \u017cucia<\/li>\n\n\n\n<li>Bogate w bia\u0142ko: dla zdrowych mi\u0119\u015bni i psiej energii<\/li>\n\n\n\n<li>Naturalne :bez dodatku sztucznych aromat\u00f3w i barwnik\u00f3w<\/li>\n\n\n\n<li>Wersja z ni\u017csz\u0105 zawarto\u015bci\u0105 t\u0142uszczu: dla troch\u0119 bardziej &#8222;puchatych&#8221; piesk\u00f3w<\/li>\n\n\n\n<li>Wersja dla alergik\u00f3w: bezglutenowe, prosty sk\u0142ad<\/li>\n<\/ul>\n\n\n\n<div class=\"wp-block-buttons is-content-justification-center is-layout-flex wp-container-core-buttons-is-layout-a89b3969 wp-block-buttons-is-layout-flex\"><\/div>\n<\/div>\n\n\n\n<div class=\"wp-block-column has-border-color is-layout-flow wp-block-column-is-layout-flow\" style=\"border-color:var(--wp--preset--color--accent-6);border-width:1px;border-radius:10px;padding-top:var(--wp--preset--spacing--50);padding-right:var(--wp--preset--spacing--50);padding-bottom:var(--wp--preset--spacing--50);padding-left:var(--wp--preset--spacing--50)\">\n<h3 class=\"wp-block-heading\" id=\"single\">Na ka\u017cd\u0105 okazj\u0119<\/h3>\n\n\n\n<p class=\"has-large-font-size\">Magiczne rytua\u0142y z PieSnacki<\/p>\n\n\n\n<ul style=\"padding-bottom:var(--wp--preset--spacing--20);padding-left:var(--wp--preset--spacing--20)\" class=\"wp-block-list is-style-checkmark-list has-small-font-size\">\n<li>Spacer<\/li>\n\n\n\n<li>Trening<\/li>\n\n\n\n<li>Psitulanki: bo nic tak nie zacie\u015bnia wi\u0119zi jak pyszna przegryzka<\/li>\n\n\n\n<li>Uzupe\u0142nienie diety w bia\u0142ko: dla niejadk\u00f3w<\/li>\n\n\n\n<li>Sytuacja wyj\u0105tkowa: jako odwr\u00f3cenie uwagi u weterynarza<\/li>\n<\/ul>\n<\/div>\n<\/div>\n<\/div>\n\n\n\n<div class=\"wp-block-group alignfull has-global-padding is-layout-constrained wp-block-group-is-layout-constrained\" style=\"margin-top:0;margin-bottom:0;padding-top:var(--wp--preset--spacing--60);padding-bottom:var(--wp--preset--spacing--60)\">\n<div class=\"wp-block-columns alignwide is-layout-flex wp-container-core-columns-is-layout-74b2cda3 wp-block-columns-is-layout-flex\">\n<div class=\"wp-block-column is-layout-flow wp-block-column-is-layout-flow\">\n<div class=\"wp-block-group is-vertical is-content-justification-left is-layout-flex wp-container-core-group-is-layout-7ce391b6 wp-block-group-is-layout-flex\" style=\"min-height:100%\">\n<h2 class=\"wp-block-heading is-style-text-annotation has-x-small-font-size is-style-text-annotation--4\">Co m\u00f3wi\u0105 psiaki<\/h2>\n\n\n\n<blockquote class=\"wp-block-quote is-style-plain has-x-large-font-size is-layout-flow wp-container-core-quote-is-layout-5dafc681 wp-block-quote-is-layout-flow is-style-plain--5\" style=\"font-style:normal;font-weight:400\">\n<div class=\"wp-block-group has-global-padding is-content-justification-left is-layout-constrained wp-container-core-group-is-layout-085bd3d9 wp-block-group-is-layout-constrained\" style=\"margin-top:0;margin-bottom:0;padding-top:0;padding-right:0;padding-bottom:0;padding-left:0\">\n<p class=\"has-xx-large-font-size\">\u201eGdy widz\u0119 PieSnacki ogon sam zaczyna ta\u0144czy\u0107. Dla mnie solidne 10\/10!\u201d<\/p>\n<\/div>\n<cite>Gucio<br><sub>Russel terrier, 2 lata<\/sub><\/cite><\/blockquote>\n<\/div>\n<\/div>\n\n\n\n<div class=\"wp-block-column is-layout-flow wp-block-column-is-layout-flow\" style=\"padding-top:0;padding-right:0;padding-bottom:0;padding-left:0\">\n<figure class=\"wp-block-image size-large\"><img loading=\"lazy\" decoding=\"async\" width=\"1366\" height=\"1024\" src=\"https:\/\/piesnacki.pl\/wp-content\/uploads\/2025\/12\/PieSnacki-smaczki-dla-psow-na-kazda-okazje-edited.png\" alt=\"\" class=\"wp-image-163\" style=\"aspect-ratio:1;object-fit:cover\" srcset=\"https:\/\/piesnacki.pl\/wp-content\/uploads\/2025\/12\/PieSnacki-smaczki-dla-psow-na-kazda-okazje-edited.png 1366w, https:\/\/piesnacki.pl\/wp-content\/uploads\/2025\/12\/PieSnacki-smaczki-dla-psow-na-kazda-okazje-edited-300x225.png 300w, https:\/\/piesnacki.pl\/wp-content\/uploads\/2025\/12\/PieSnacki-smaczki-dla-psow-na-kazda-okazje-edited-1024x768.png 1024w, https:\/\/piesnacki.pl\/wp-content\/uploads\/2025\/12\/PieSnacki-smaczki-dla-psow-na-kazda-okazje-edited-768x576.png 768w\" sizes=\"auto, (max-width: 1366px) 100vw, 1366px\" \/><\/figure>\n<\/div>\n<\/div>\n<\/div>\n\n\n\n<div class=\"wp-block-group alignfull has-global-padding is-layout-constrained wp-container-core-group-is-layout-ebee8dc1 wp-block-group-is-layout-constrained\" style=\"margin-top:0;margin-bottom:0;padding-top:var(--wp--preset--spacing--50);padding-bottom:var(--wp--preset--spacing--50)\">\n<h2 class=\"wp-block-heading alignwide\">W krainie PieSnack\u00f3w \/ W zaczarowanej spi\u017carni PieSnack\u00f3w<\/h2>\n\n\n\n<h3 class=\"wp-block-heading alignwide\">Naturalne \u017ar\u00f3d\u0142a bia\u0142ka <\/h3>\n\n\n\n<div class=\"wp-block-columns alignwide is-layout-flex wp-container-core-columns-is-layout-28f84493 wp-block-columns-is-layout-flex\">\n<div class=\"wp-block-column is-layout-flow wp-block-column-is-layout-flow\">\n<figure class=\"wp-block-image size-full\" style=\"margin-bottom:24px\"><img loading=\"lazy\" decoding=\"async\" width=\"800\" height=\"600\" src=\"https:\/\/piesnacki.pl\/wp-content\/uploads\/2025\/12\/PieSnacki-przysmak-smakolyk-smak-kaczka-kaczki-edited.png\" alt=\"\" class=\"wp-image-171\" style=\"aspect-ratio:4\/3;object-fit:cover\" srcset=\"https:\/\/piesnacki.pl\/wp-content\/uploads\/2025\/12\/PieSnacki-przysmak-smakolyk-smak-kaczka-kaczki-edited.png 800w, https:\/\/piesnacki.pl\/wp-content\/uploads\/2025\/12\/PieSnacki-przysmak-smakolyk-smak-kaczka-kaczki-edited-300x225.png 300w, https:\/\/piesnacki.pl\/wp-content\/uploads\/2025\/12\/PieSnacki-przysmak-smakolyk-smak-kaczka-kaczki-edited-768x576.png 768w\" sizes=\"auto, (max-width: 800px) 100vw, 800px\" \/><\/figure>\n\n\n\n<h3 class=\"wp-block-heading\">Kaczka <\/h3>\n\n\n\n<p class=\"has-medium-font-size\">Pe\u0142nowarto\u015bciowe bia\u0142ko bogate w naturalne sk\u0142adniki mineralne, wspieraj\u0105ce psi\u0105 witalno\u015b\u0107, odporno\u015b\u0107 i rado\u015b\u0107 z ka\u017cdego k\u0119sa.<\/p>\n<\/div>\n\n\n\n<div class=\"wp-block-column is-layout-flow wp-block-column-is-layout-flow\">\n<figure class=\"wp-block-image size-full\" style=\"margin-bottom:24px\"><img loading=\"lazy\" decoding=\"async\" width=\"800\" height=\"600\" src=\"https:\/\/piesnacki.pl\/wp-content\/uploads\/2025\/12\/PieSnacki-przysmak-smakolyk-smak-kurczak-kurczaka-edited.jpg\" alt=\"\" class=\"wp-image-170\" style=\"aspect-ratio:4\/3;object-fit:cover\" srcset=\"https:\/\/piesnacki.pl\/wp-content\/uploads\/2025\/12\/PieSnacki-przysmak-smakolyk-smak-kurczak-kurczaka-edited.jpg 800w, https:\/\/piesnacki.pl\/wp-content\/uploads\/2025\/12\/PieSnacki-przysmak-smakolyk-smak-kurczak-kurczaka-edited-300x225.jpg 300w, https:\/\/piesnacki.pl\/wp-content\/uploads\/2025\/12\/PieSnacki-przysmak-smakolyk-smak-kurczak-kurczaka-edited-768x576.jpg 768w\" sizes=\"auto, (max-width: 800px) 100vw, 800px\" \/><\/figure>\n\n\n\n<h3 class=\"wp-block-heading\">Kurczak<\/h3>\n\n\n\n<p class=\"has-medium-font-size\">Lekkostrawne, wysokiej jako\u015bci bia\u0142ko, kt\u00f3re pomaga budowa\u0107 silne mi\u0119\u015bnie, daje energi\u0119 do zabawy i jest \u0142agodne nawet dla wra\u017cliwych psich smakoszy.<\/p>\n<\/div>\n\n\n\n<div class=\"wp-block-column is-layout-flow wp-block-column-is-layout-flow\">\n<figure class=\"wp-block-image size-full\" style=\"margin-bottom:24px\"><img loading=\"lazy\" decoding=\"async\" width=\"800\" height=\"600\" src=\"https:\/\/piesnacki.pl\/wp-content\/uploads\/2025\/12\/PieSnacki-przysmak-smakolyk-smak-jagniecina-jagnieciny-edited-1.png\" alt=\"\" class=\"wp-image-169\" style=\"aspect-ratio:4\/3;object-fit:cover\" srcset=\"https:\/\/piesnacki.pl\/wp-content\/uploads\/2025\/12\/PieSnacki-przysmak-smakolyk-smak-jagniecina-jagnieciny-edited-1.png 800w, https:\/\/piesnacki.pl\/wp-content\/uploads\/2025\/12\/PieSnacki-przysmak-smakolyk-smak-jagniecina-jagnieciny-edited-1-300x225.png 300w, https:\/\/piesnacki.pl\/wp-content\/uploads\/2025\/12\/PieSnacki-przysmak-smakolyk-smak-jagniecina-jagnieciny-edited-1-768x576.png 768w\" sizes=\"auto, (max-width: 800px) 100vw, 800px\" \/><\/figure>\n\n\n\n<h3 class=\"wp-block-heading\">Jagni\u0119cina<\/h3>\n\n\n\n<p class=\"has-medium-font-size\">Delikatne, dobrze przyswajalne bia\u0142ko o niskim potencjale alergennym, kt\u00f3re dodaje psu si\u0142 do codziennych przyg\u00f3d i dba o jego wewn\u0119trzn\u0105 r\u00f3wnowag\u0119.<\/p>\n<\/div>\n<\/div>\n<\/div>\n\n\n\n<aside class=\"wp-block-group alignfull is-style-section-3 has-global-padding is-layout-constrained wp-container-core-group-is-layout-f0f2a97b wp-block-group-is-layout-constrained is-style-section-3--6\" style=\"margin-top:0;margin-bottom:0;padding-top:var(--wp--preset--spacing--50);padding-right:var(--wp--preset--spacing--50);padding-bottom:var(--wp--preset--spacing--50);padding-left:var(--wp--preset--spacing--50)\">\n<div class=\"wp-block-group is-vertical is-content-justification-center is-layout-flex wp-container-core-group-is-layout-8778ca4a wp-block-group-is-layout-flex\" style=\"min-height:360px;margin-top:0;margin-bottom:0\">\n<h2 class=\"wp-block-heading has-text-align-center has-xx-large-font-size\">PieSnacki<\/h2>\n\n\n\n<p class=\"has-text-align-center is-style-text-subtitle is-style-text-subtitle--7\">Mi\u0119sne przysmaki tak pyszne, \u017ce ogon sam merda z zachwytu.<\/p>\n\n\n\n<div style=\"height:0px\" aria-hidden=\"true\" class=\"wp-block-spacer wp-container-content-62aae154\"><\/div>\n\n\n\n<div class=\"wp-block-buttons is-content-justification-center is-layout-flex wp-container-core-buttons-is-layout-a89b3969 wp-block-buttons-is-layout-flex\">\n<div class=\"wp-block-button\"><a class=\"wp-block-button__link has-text-align-center wp-element-button\" href=\"https:\/\/piesnacki.pl\/?page_id=58\">Podziel si\u0119 swoj\u0105 opowie\u015bci\u0105<\/a><\/div>\n<\/div>\n<\/div>\n<\/aside>\n\n\n\n<div class=\"wp-block-group alignfull has-global-padding is-layout-constrained wp-block-group-is-layout-constrained\" style=\"margin-top:0;margin-bottom:0;padding-top:var(--wp--preset--spacing--50);padding-bottom:var(--wp--preset--spacing--50)\">\n<h2 class=\"wp-block-heading has-text-align-center\"><strong>Bestsellery PieSnacki<\/strong><\/h2>\n\n\n\n<div class=\"wp-block-group alignwide is-layout-grid wp-container-core-group-is-layout-21f393a4 wp-block-group-is-layout-grid\">\n<figure class=\"wp-block-image size-full\"><img loading=\"lazy\" decoding=\"async\" width=\"2560\" height=\"2560\" src=\"http:\/\/piesnacki.pl\/wp-content\/uploads\/2025\/12\/6-2.png\" alt=\"\" class=\"wp-image-132\" srcset=\"https:\/\/piesnacki.pl\/wp-content\/uploads\/2025\/12\/6-2.png 2560w, https:\/\/piesnacki.pl\/wp-content\/uploads\/2025\/12\/6-2-300x300.png 300w, https:\/\/piesnacki.pl\/wp-content\/uploads\/2025\/12\/6-2-1024x1024.png 1024w, https:\/\/piesnacki.pl\/wp-content\/uploads\/2025\/12\/6-2-150x150.png 150w, https:\/\/piesnacki.pl\/wp-content\/uploads\/2025\/12\/6-2-768x768.png 768w, https:\/\/piesnacki.pl\/wp-content\/uploads\/2025\/12\/6-2-1536x1536.png 1536w, https:\/\/piesnacki.pl\/wp-content\/uploads\/2025\/12\/6-2-2048x2048.png 2048w\" sizes=\"auto, (max-width: 2560px) 100vw, 2560px\" \/><\/figure>\n\n\n\n<figure class=\"wp-block-image size-full\"><img loading=\"lazy\" decoding=\"async\" width=\"1000\" height=\"1000\" src=\"http:\/\/piesnacki.pl\/wp-content\/uploads\/2026\/02\/PieSnacki-przysmaki-dla-psow-smaczki-smakolyki-smaczne-kaski.png\" alt=\"\" class=\"wp-image-274\" style=\"aspect-ratio:1;object-fit:cover\" srcset=\"https:\/\/piesnacki.pl\/wp-content\/uploads\/2026\/02\/PieSnacki-przysmaki-dla-psow-smaczki-smakolyki-smaczne-kaski.png 1000w, https:\/\/piesnacki.pl\/wp-content\/uploads\/2026\/02\/PieSnacki-przysmaki-dla-psow-smaczki-smakolyki-smaczne-kaski-300x300.png 300w, https:\/\/piesnacki.pl\/wp-content\/uploads\/2026\/02\/PieSnacki-przysmaki-dla-psow-smaczki-smakolyki-smaczne-kaski-150x150.png 150w, https:\/\/piesnacki.pl\/wp-content\/uploads\/2026\/02\/PieSnacki-przysmaki-dla-psow-smaczki-smakolyki-smaczne-kaski-768x768.png 768w\" sizes=\"auto, (max-width: 1000px) 100vw, 1000px\" \/><\/figure>\n\n\n\n<figure class=\"wp-block-image size-full\"><img loading=\"lazy\" decoding=\"async\" width=\"1535\" height=\"1535\" src=\"http:\/\/piesnacki.pl\/wp-content\/uploads\/2026\/02\/PieSnacki-sushi-kaczka-dorsz.jpg\" alt=\"\" class=\"wp-image-293\" style=\"aspect-ratio:1;object-fit:cover\" srcset=\"https:\/\/piesnacki.pl\/wp-content\/uploads\/2026\/02\/PieSnacki-sushi-kaczka-dorsz.jpg 1535w, https:\/\/piesnacki.pl\/wp-content\/uploads\/2026\/02\/PieSnacki-sushi-kaczka-dorsz-300x300.jpg 300w, https:\/\/piesnacki.pl\/wp-content\/uploads\/2026\/02\/PieSnacki-sushi-kaczka-dorsz-1024x1024.jpg 1024w, https:\/\/piesnacki.pl\/wp-content\/uploads\/2026\/02\/PieSnacki-sushi-kaczka-dorsz-150x150.jpg 150w, https:\/\/piesnacki.pl\/wp-content\/uploads\/2026\/02\/PieSnacki-sushi-kaczka-dorsz-768x768.jpg 768w\" sizes=\"auto, (max-width: 1535px) 100vw, 1535px\" \/><\/figure>\n\n\n\n<figure class=\"wp-block-image size-full\"><img loading=\"lazy\" decoding=\"async\" width=\"2560\" height=\"2560\" src=\"http:\/\/piesnacki.pl\/wp-content\/uploads\/2025\/12\/NS102-2.png\" alt=\"\" class=\"wp-image-128\" style=\"aspect-ratio:1;object-fit:cover\" srcset=\"https:\/\/piesnacki.pl\/wp-content\/uploads\/2025\/12\/NS102-2.png 2560w, https:\/\/piesnacki.pl\/wp-content\/uploads\/2025\/12\/NS102-2-300x300.png 300w, https:\/\/piesnacki.pl\/wp-content\/uploads\/2025\/12\/NS102-2-1024x1024.png 1024w, https:\/\/piesnacki.pl\/wp-content\/uploads\/2025\/12\/NS102-2-150x150.png 150w, https:\/\/piesnacki.pl\/wp-content\/uploads\/2025\/12\/NS102-2-768x768.png 768w, https:\/\/piesnacki.pl\/wp-content\/uploads\/2025\/12\/NS102-2-1536x1536.png 1536w, https:\/\/piesnacki.pl\/wp-content\/uploads\/2025\/12\/NS102-2-2048x2048.png 2048w\" sizes=\"auto, (max-width: 2560px) 100vw, 2560px\" \/><\/figure>\n\n\n\n<figure class=\"wp-block-image size-full\"><img loading=\"lazy\" decoding=\"async\" width=\"1024\" height=\"1536\" src=\"http:\/\/piesnacki.pl\/wp-content\/uploads\/2025\/12\/PieSnacki-przysmaki-smaczki-smakolyki-przekaski-dla-psa-2.png\" alt=\"\" class=\"wp-image-182\" style=\"aspect-ratio:1;object-fit:cover\" srcset=\"https:\/\/piesnacki.pl\/wp-content\/uploads\/2025\/12\/PieSnacki-przysmaki-smaczki-smakolyki-przekaski-dla-psa-2.png 1024w, https:\/\/piesnacki.pl\/wp-content\/uploads\/2025\/12\/PieSnacki-przysmaki-smaczki-smakolyki-przekaski-dla-psa-2-200x300.png 200w, https:\/\/piesnacki.pl\/wp-content\/uploads\/2025\/12\/PieSnacki-przysmaki-smaczki-smakolyki-przekaski-dla-psa-2-683x1024.png 683w, https:\/\/piesnacki.pl\/wp-content\/uploads\/2025\/12\/PieSnacki-przysmaki-smaczki-smakolyki-przekaski-dla-psa-2-768x1152.png 768w\" sizes=\"auto, (max-width: 1024px) 100vw, 1024px\" \/><\/figure>\n\n\n\n<figure class=\"wp-block-image size-full\"><img loading=\"lazy\" decoding=\"async\" width=\"2560\" height=\"2560\" src=\"http:\/\/piesnacki.pl\/wp-content\/uploads\/2025\/12\/112-2-1.png\" alt=\"\" class=\"wp-image-131\" style=\"aspect-ratio:1;object-fit:cover\" srcset=\"https:\/\/piesnacki.pl\/wp-content\/uploads\/2025\/12\/112-2-1.png 2560w, https:\/\/piesnacki.pl\/wp-content\/uploads\/2025\/12\/112-2-1-300x300.png 300w, https:\/\/piesnacki.pl\/wp-content\/uploads\/2025\/12\/112-2-1-1024x1024.png 1024w, https:\/\/piesnacki.pl\/wp-content\/uploads\/2025\/12\/112-2-1-150x150.png 150w, https:\/\/piesnacki.pl\/wp-content\/uploads\/2025\/12\/112-2-1-768x768.png 768w, https:\/\/piesnacki.pl\/wp-content\/uploads\/2025\/12\/112-2-1-1536x1536.png 1536w, https:\/\/piesnacki.pl\/wp-content\/uploads\/2025\/12\/112-2-1-2048x2048.png 2048w\" sizes=\"auto, (max-width: 2560px) 100vw, 2560px\" \/><\/figure>\n\n\n\n<figure class=\"wp-block-image size-full\"><img loading=\"lazy\" decoding=\"async\" width=\"1366\" height=\"1024\" src=\"http:\/\/piesnacki.pl\/wp-content\/uploads\/2025\/12\/PieSnacki-smaczki-dla-psow-na-kazda-okazje-edited.png\" alt=\"\" class=\"wp-image-163\" style=\"aspect-ratio:1;object-fit:cover\" srcset=\"https:\/\/piesnacki.pl\/wp-content\/uploads\/2025\/12\/PieSnacki-smaczki-dla-psow-na-kazda-okazje-edited.png 1366w, https:\/\/piesnacki.pl\/wp-content\/uploads\/2025\/12\/PieSnacki-smaczki-dla-psow-na-kazda-okazje-edited-300x225.png 300w, https:\/\/piesnacki.pl\/wp-content\/uploads\/2025\/12\/PieSnacki-smaczki-dla-psow-na-kazda-okazje-edited-1024x768.png 1024w, https:\/\/piesnacki.pl\/wp-content\/uploads\/2025\/12\/PieSnacki-smaczki-dla-psow-na-kazda-okazje-edited-768x576.png 768w\" sizes=\"auto, (max-width: 1366px) 100vw, 1366px\" \/><\/figure>\n\n\n\n<figure class=\"wp-block-image size-full\"><img loading=\"lazy\" decoding=\"async\" width=\"1024\" height=\"1024\" src=\"http:\/\/piesnacki.pl\/wp-content\/uploads\/2025\/07\/PieSnacki-miesne-przysmaki-dla-psow-psa.png\" alt=\"\" class=\"wp-image-82\" style=\"aspect-ratio:1;object-fit:cover\" srcset=\"https:\/\/piesnacki.pl\/wp-content\/uploads\/2025\/07\/PieSnacki-miesne-przysmaki-dla-psow-psa.png 1024w, https:\/\/piesnacki.pl\/wp-content\/uploads\/2025\/07\/PieSnacki-miesne-przysmaki-dla-psow-psa-300x300.png 300w, https:\/\/piesnacki.pl\/wp-content\/uploads\/2025\/07\/PieSnacki-miesne-przysmaki-dla-psow-psa-150x150.png 150w, https:\/\/piesnacki.pl\/wp-content\/uploads\/2025\/07\/PieSnacki-miesne-przysmaki-dla-psow-psa-768x768.png 768w\" sizes=\"auto, (max-width: 1024px) 100vw, 1024px\" \/><\/figure>\n<\/div>\n<\/div>\n","protected":false},"excerpt":{"rendered":"<p>Mi\u0119sne smaczki dla psiak\u00f3w PieSnacki to nie tylko smaczki \u2013 to pe\u0142nomi\u0119sne psie przyjemno\u015bci, kt\u00f3re zmieniaj\u0105 codzienne momenty w psiepi\u0119kne chwile! Opowie\u015b\u0107 o pierwszym smaczku Legenda g\u0142osi, \u017ce psy d\u0142ugo czeka\u0142y na smako\u0142yki spe\u0142niaj\u0105ce wszystkie ich marzenia. Przysmak, kt\u00f3ry by\u0142by naprawd\u0119 mi\u0119sny, naturalny i stworzony z trosk\u0105. Tak powsta\u0142y pierwsze PieSnacki. Dlaczego PieSnacki? Wszystko co [&hellip;]<\/p>\n","protected":false},"author":2,"featured_media":0,"parent":0,"menu_order":0,"comment_status":"closed","ping_status":"closed","template":"page-no-title","meta":{"footnotes":""},"class_list":["post-29","page","type-page","status-publish","hentry"],"_links":{"self":[{"href":"https:\/\/piesnacki.pl\/index.php?rest_route=\/wp\/v2\/pages\/29","targetHints":{"allow":["GET"]}}],"collection":[{"href":"https:\/\/piesnacki.pl\/index.php?rest_route=\/wp\/v2\/pages"}],"about":[{"href":"https:\/\/piesnacki.pl\/index.php?rest_route=\/wp\/v2\/types\/page"}],"author":[{"embeddable":true,"href":"https:\/\/piesnacki.pl\/index.php?rest_route=\/wp\/v2\/users\/2"}],"replies":[{"embeddable":true,"href":"https:\/\/piesnacki.pl\/index.php?rest_route=%2Fwp%2Fv2%2Fcomments&post=29"}],"version-history":[{"count":24,"href":"https:\/\/piesnacki.pl\/index.php?rest_route=\/wp\/v2\/pages\/29\/revisions"}],"predecessor-version":[{"id":352,"href":"https:\/\/piesnacki.pl\/index.php?rest_route=\/wp\/v2\/pages\/29\/revisions\/352"}],"wp:attachment":[{"href":"https:\/\/piesnacki.pl\/index.php?rest_route=%2Fwp%2Fv2%2Fmedia&parent=29"}],"curies":[{"name":"wp","href":"https:\/\/api.w.org\/{rel}","templated":true}]}}